{"id":111,"date":"2024-10-18T14:03:40","date_gmt":"2024-10-18T14:03:40","guid":{"rendered":"https:\/\/spfanker.ch\/?page_id=111"},"modified":"2024-10-18T15:01:04","modified_gmt":"2024-10-18T15:01:04","slug":"ablauf","status":"publish","type":"page","link":"https:\/\/spfanker.ch\/?page_id=111","title":{"rendered":"Ablauf"},"content":{"rendered":"\n<p>Nach der telefonischen Anfrage durch die Beh\u00f6rde und ersten Kl\u00e4rungen erfolgt ein erstes Treffen f\u00fcr die Frau\/Eltern, welches dem gegenseitigen Kennenlernen dient. Im darauffolgenden Abkl\u00e4rungsgespr\u00e4ch mit der Frau\/Eltern und der Vertreterin oder dem Vertreter des Sozialdienstes k\u00f6nnen gegenseitige Erwartungen angesprochen und m\u00f6gliche Ziele des Aufenthaltes umrissen werden. Wenn es zur Zusammenarbeit kommt und eine Kostengutsprache vorliegt, wird der Betreuungsbeginn festgelegt. Dabei vereinbaren wir mit der Frau\/mit den Eltern und der Beh\u00f6rde den \u00fcbergeordneten Auftrag und formulieren erste konkrete Ziele. Nach drei Monaten kann in einem ersten Standortgespr\u00e4ch ausgetauscht, evaluiert und die Lernziele angepasst werden.<\/p>\n","protected":false},"excerpt":{"rendered":"<p>Nach der telefonischen Anfrage durch die Beh\u00f6rde und ersten Kl\u00e4rungen erfolgt ein erstes Treffen f\u00fcr die Frau\/Eltern, welches dem gegenseitigen [&hellip;]<\/p>\n","protected":false},"author":1,"featured_media":134,"parent":0,"menu_order":0,"comment_status":"closed","ping_status":"closed","template":"","meta":{"site-sidebar-layout":"default","site-content-layout":"","ast-site-content-layout":"default","site-content-style":"default","site-sidebar-style":"default","ast-global-header-display":"","ast-banner-title-visibility":"","ast-main-header-display":"","ast-hfb-above-header-display":"","ast-hfb-below-header-display":"","ast-hfb-mobile-header-display":"","site-post-title":"","ast-breadcrumbs-content":"","ast-featured-img":"","footer-sml-layout":"","ast-disable-related-posts":"","theme-transparent-header-meta":"","adv-header-id-meta":"","stick-header-meta":"","header-above-stick-meta":"","header-main-stick-meta":"","header-below-stick-meta":"","astra-migrate-meta-layouts":"default","ast-page-background-enabled":"default","ast-page-background-meta":{"desktop":{"background-color":"var(--ast-global-color-4)","background-image":"","background-repeat":"repeat","background-position":"center center","background-size":"auto","background-attachment":"scroll","background-type":"","background-media":"","overlay-type":"","overlay-color":"","overlay-opacity":"","overlay-gradient":""},"tablet":{"background-color":"","background-image":"","background-repeat":"repeat","background-position":"center center","background-size":"auto","background-attachment":"scroll","background-type":"","background-media":"","overlay-type":"","overlay-color":"","overlay-opacity":"","overlay-gradient":""},"mobile":{"background-color":"","background-image":"","background-repeat":"repeat","background-position":"center center","background-size":"auto","background-attachment":"scroll","background-type":"","background-media":"","overlay-type":"","overlay-color":"","overlay-opacity":"","overlay-gradient":""}},"ast-content-background-meta":{"desktop":{"background-color":"var(--ast-global-color-5)","background-image":"","background-repeat":"repeat","background-position":"center center","background-size":"auto","background-attachment":"scroll","background-type":"","background-media":"","overlay-type":"","overlay-color":"","overlay-opacity":"","overlay-gradient":""},"tablet":{"background-color":"var(--ast-global-color-5)","background-image":"","background-repeat":"repeat","background-position":"center center","background-size":"auto","background-attachment":"scroll","background-type":"","background-media":"","overlay-type":"","overlay-color":"","overlay-opacity":"","overlay-gradient":""},"mobile":{"background-color":"var(--ast-global-color-5)","background-image":"","background-repeat":"repeat","background-position":"center center","background-size":"auto","background-attachment":"scroll","background-type":"","background-media":"","overlay-type":"","overlay-color":"","overlay-opacity":"","overlay-gradient":""}},"footnotes":""},"class_list":["post-111","page","type-page","status-publish","has-post-thumbnail","hentry"],"yoast_head":"<!-- This site is optimized with the Yoast SEO plugin v26.8 - https:\/\/yoast.com\/product\/yoast-seo-wordpress\/ -->\n<title>Ablauf - SPF Anker<\/title>\n<meta name=\"robots\" content=\"index, follow, max-snippet:-1, max-image-preview:large, max-video-preview:-1\" \/>\n<link rel=\"canonical\" href=\"https:\/\/spfanker.ch\/?page_id=111\" \/>\n<meta property=\"og:locale\" content=\"de_DE\" \/>\n<meta property=\"og:type\" content=\"article\" \/>\n<meta property=\"og:title\" content=\"Ablauf - SPF Anker\" \/>\n<meta property=\"og:description\" content=\"Nach der telefonischen Anfrage durch die Beh\u00f6rde und ersten Kl\u00e4rungen erfolgt ein erstes Treffen f\u00fcr die Frau\/Eltern, welches dem gegenseitigen [&hellip;]\" \/>\n<meta property=\"og:url\" content=\"https:\/\/spfanker.ch\/?page_id=111\" \/>\n<meta property=\"og:site_name\" content=\"SPF Anker\" \/>\n<meta property=\"article:modified_time\" content=\"2024-10-18T15:01:04+00:00\" \/>\n<meta property=\"og:image\" content=\"https:\/\/spfanker.ch\/wp-content\/uploads\/2024\/10\/2F479ABA-795D-4462-A6FE-2863B8B21AB3.jpeg\" \/>\n\t<meta property=\"og:image:width\" content=\"1537\" \/>\n\t<meta property=\"og:image:height\" content=\"2320\" \/>\n\t<meta property=\"og:image:type\" content=\"image\/jpeg\" \/>\n<meta name=\"twitter:card\" content=\"summary_large_image\" \/>\n<meta name=\"twitter:label1\" content=\"Gesch\u00e4tzte Lesezeit\" \/>\n\t<meta name=\"twitter:data1\" content=\"1\u00a0Minute\" \/>\n<script type=\"application\/ld+json\" class=\"yoast-schema-graph\">{\"@context\":\"https:\/\/schema.org\",\"@graph\":[{\"@type\":\"WebPage\",\"@id\":\"https:\/\/spfanker.ch\/?page_id=111\",\"url\":\"https:\/\/spfanker.ch\/?page_id=111\",\"name\":\"Ablauf - SPF Anker\",\"isPartOf\":{\"@id\":\"https:\/\/spfanker.ch\/#website\"},\"primaryImageOfPage\":{\"@id\":\"https:\/\/spfanker.ch\/?page_id=111#primaryimage\"},\"image\":{\"@id\":\"https:\/\/spfanker.ch\/?page_id=111#primaryimage\"},\"thumbnailUrl\":\"https:\/\/spfanker.ch\/wp-content\/uploads\/2024\/10\/2F479ABA-795D-4462-A6FE-2863B8B21AB3.jpeg\",\"datePublished\":\"2024-10-18T14:03:40+00:00\",\"dateModified\":\"2024-10-18T15:01:04+00:00\",\"breadcrumb\":{\"@id\":\"https:\/\/spfanker.ch\/?page_id=111#breadcrumb\"},\"inLanguage\":\"de-CH\",\"potentialAction\":[{\"@type\":\"ReadAction\",\"target\":[\"https:\/\/spfanker.ch\/?page_id=111\"]}]},{\"@type\":\"ImageObject\",\"inLanguage\":\"de-CH\",\"@id\":\"https:\/\/spfanker.ch\/?page_id=111#primaryimage\",\"url\":\"https:\/\/spfanker.ch\/wp-content\/uploads\/2024\/10\/2F479ABA-795D-4462-A6FE-2863B8B21AB3.jpeg\",\"contentUrl\":\"https:\/\/spfanker.ch\/wp-content\/uploads\/2024\/10\/2F479ABA-795D-4462-A6FE-2863B8B21AB3.jpeg\",\"width\":1537,\"height\":2320},{\"@type\":\"BreadcrumbList\",\"@id\":\"https:\/\/spfanker.ch\/?page_id=111#breadcrumb\",\"itemListElement\":[{\"@type\":\"ListItem\",\"position\":1,\"name\":\"Startseite\",\"item\":\"https:\/\/spfanker.ch\/\"},{\"@type\":\"ListItem\",\"position\":2,\"name\":\"Ablauf\"}]},{\"@type\":\"WebSite\",\"@id\":\"https:\/\/spfanker.ch\/#website\",\"url\":\"https:\/\/spfanker.ch\/\",\"name\":\"Sozialp\u00e4dagogische Familienbegleitung Anker\",\"description\":\"Sozialp\u00e4dagogische Familienbegleitung Anker\",\"publisher\":{\"@id\":\"https:\/\/spfanker.ch\/#organization\"},\"potentialAction\":[{\"@type\":\"SearchAction\",\"target\":{\"@type\":\"EntryPoint\",\"urlTemplate\":\"https:\/\/spfanker.ch\/?s={search_term_string}\"},\"query-input\":{\"@type\":\"PropertyValueSpecification\",\"valueRequired\":true,\"valueName\":\"search_term_string\"}}],\"inLanguage\":\"de-CH\"},{\"@type\":\"Organization\",\"@id\":\"https:\/\/spfanker.ch\/#organization\",\"name\":\"Sozialp\u00e4dagogische Familienbegleitung Anker\",\"url\":\"https:\/\/spfanker.ch\/\",\"logo\":{\"@type\":\"ImageObject\",\"inLanguage\":\"de-CH\",\"@id\":\"https:\/\/spfanker.ch\/#\/schema\/logo\/image\/\",\"url\":\"https:\/\/spfanker.ch\/wp-content\/uploads\/2024\/10\/Anker-Logo.png\",\"contentUrl\":\"https:\/\/spfanker.ch\/wp-content\/uploads\/2024\/10\/Anker-Logo.png\",\"width\":150,\"height\":150,\"caption\":\"Sozialp\u00e4dagogische Familienbegleitung Anker\"},\"image\":{\"@id\":\"https:\/\/spfanker.ch\/#\/schema\/logo\/image\/\"}}]}<\/script>\n<!-- \/ Yoast SEO plugin. -->","yoast_head_json":{"title":"Ablauf - SPF Anker","robots":{"index":"index","follow":"follow","max-snippet":"max-snippet:-1","max-image-preview":"max-image-preview:large","max-video-preview":"max-video-preview:-1"},"canonical":"https:\/\/spfanker.ch\/?page_id=111","og_locale":"de_DE","og_type":"article","og_title":"Ablauf - SPF Anker","og_description":"Nach der telefonischen Anfrage durch die Beh\u00f6rde und ersten Kl\u00e4rungen erfolgt ein erstes Treffen f\u00fcr die Frau\/Eltern, welches dem gegenseitigen [&hellip;]","og_url":"https:\/\/spfanker.ch\/?page_id=111","og_site_name":"SPF Anker","article_modified_time":"2024-10-18T15:01:04+00:00","og_image":[{"width":1537,"height":2320,"url":"https:\/\/spfanker.ch\/wp-content\/uploads\/2024\/10\/2F479ABA-795D-4462-A6FE-2863B8B21AB3.jpeg","type":"image\/jpeg"}],"twitter_card":"summary_large_image","twitter_misc":{"Gesch\u00e4tzte Lesezeit":"1\u00a0Minute"},"schema":{"@context":"https:\/\/schema.org","@graph":[{"@type":"WebPage","@id":"https:\/\/spfanker.ch\/?page_id=111","url":"https:\/\/spfanker.ch\/?page_id=111","name":"Ablauf - SPF Anker","isPartOf":{"@id":"https:\/\/spfanker.ch\/#website"},"primaryImageOfPage":{"@id":"https:\/\/spfanker.ch\/?page_id=111#primaryimage"},"image":{"@id":"https:\/\/spfanker.ch\/?page_id=111#primaryimage"},"thumbnailUrl":"https:\/\/spfanker.ch\/wp-content\/uploads\/2024\/10\/2F479ABA-795D-4462-A6FE-2863B8B21AB3.jpeg","datePublished":"2024-10-18T14:03:40+00:00","dateModified":"2024-10-18T15:01:04+00:00","breadcrumb":{"@id":"https:\/\/spfanker.ch\/?page_id=111#breadcrumb"},"inLanguage":"de-CH","potentialAction":[{"@type":"ReadAction","target":["https:\/\/spfanker.ch\/?page_id=111"]}]},{"@type":"ImageObject","inLanguage":"de-CH","@id":"https:\/\/spfanker.ch\/?page_id=111#primaryimage","url":"https:\/\/spfanker.ch\/wp-content\/uploads\/2024\/10\/2F479ABA-795D-4462-A6FE-2863B8B21AB3.jpeg","contentUrl":"https:\/\/spfanker.ch\/wp-content\/uploads\/2024\/10\/2F479ABA-795D-4462-A6FE-2863B8B21AB3.jpeg","width":1537,"height":2320},{"@type":"BreadcrumbList","@id":"https:\/\/spfanker.ch\/?page_id=111#breadcrumb","itemListElement":[{"@type":"ListItem","position":1,"name":"Startseite","item":"https:\/\/spfanker.ch\/"},{"@type":"ListItem","position":2,"name":"Ablauf"}]},{"@type":"WebSite","@id":"https:\/\/spfanker.ch\/#website","url":"https:\/\/spfanker.ch\/","name":"Sozialp\u00e4dagogische Familienbegleitung Anker","description":"Sozialp\u00e4dagogische Familienbegleitung Anker","publisher":{"@id":"https:\/\/spfanker.ch\/#organization"},"potentialAction":[{"@type":"SearchAction","target":{"@type":"EntryPoint","urlTemplate":"https:\/\/spfanker.ch\/?s={search_term_string}"},"query-input":{"@type":"PropertyValueSpecification","valueRequired":true,"valueName":"search_term_string"}}],"inLanguage":"de-CH"},{"@type":"Organization","@id":"https:\/\/spfanker.ch\/#organization","name":"Sozialp\u00e4dagogische Familienbegleitung Anker","url":"https:\/\/spfanker.ch\/","logo":{"@type":"ImageObject","inLanguage":"de-CH","@id":"https:\/\/spfanker.ch\/#\/schema\/logo\/image\/","url":"https:\/\/spfanker.ch\/wp-content\/uploads\/2024\/10\/Anker-Logo.png","contentUrl":"https:\/\/spfanker.ch\/wp-content\/uploads\/2024\/10\/Anker-Logo.png","width":150,"height":150,"caption":"Sozialp\u00e4dagogische Familienbegleitung Anker"},"image":{"@id":"https:\/\/spfanker.ch\/#\/schema\/logo\/image\/"}}]}},"_links":{"self":[{"href":"https:\/\/spfanker.ch\/index.php?rest_route=\/wp\/v2\/pages\/111","targetHints":{"allow":["GET"]}}],"collection":[{"href":"https:\/\/spfanker.ch\/index.php?rest_route=\/wp\/v2\/pages"}],"about":[{"href":"https:\/\/spfanker.ch\/index.php?rest_route=\/wp\/v2\/types\/page"}],"author":[{"embeddable":true,"href":"https:\/\/spfanker.ch\/index.php?rest_route=\/wp\/v2\/users\/1"}],"replies":[{"embeddable":true,"href":"https:\/\/spfanker.ch\/index.php?rest_route=%2Fwp%2Fv2%2Fcomments&post=111"}],"version-history":[{"count":4,"href":"https:\/\/spfanker.ch\/index.php?rest_route=\/wp\/v2\/pages\/111\/revisions"}],"predecessor-version":[{"id":137,"href":"https:\/\/spfanker.ch\/index.php?rest_route=\/wp\/v2\/pages\/111\/revisions\/137"}],"wp:featuredmedia":[{"embeddable":true,"href":"https:\/\/spfanker.ch\/index.php?rest_route=\/wp\/v2\/media\/134"}],"wp:attachment":[{"href":"https:\/\/spfanker.ch\/index.php?rest_route=%2Fwp%2Fv2%2Fmedia&parent=111"}],"curies":[{"name":"wp","href":"https:\/\/api.w.org\/{rel}","templated":true}]}}