{"id":291,"date":"2024-10-23T22:19:13","date_gmt":"2024-10-23T22:19:13","guid":{"rendered":"https:\/\/spfanker.ch\/?page_id=291"},"modified":"2024-10-23T23:01:52","modified_gmt":"2024-10-23T23:01:52","slug":"datenschutz","status":"publish","type":"page","link":"https:\/\/spfanker.ch\/?page_id=291","title":{"rendered":"Datenschutzerkl\u00e4rung"},"content":{"rendered":"\n<p>Verantwortliche Stelle im Sinne der Datenschutzgesetze, insbesondere der EU-Datenschutzgrundverordnung (DSGVO), ist:<\/p>\n\n\n\n<p>Stefan Kropf<br>Ankerstrasse 4<br>3006 Bern<\/p>\n\n\n\n<p>Telefon: 031 333 17 31<br>E-Mail: kontakt@spfanker.ch<br>WebSite: https:\/\/www.spfanker.ch\/<\/p>\n\n\n\n<h2 class=\"wp-block-heading has-medium-font-size\"><strong>\u00c4nderungen<\/strong><\/h2>\n\n\n\n<p>Wir k\u00f6nnen diese Datenschutzerkl\u00e4rung jederzeit ohne Vorank\u00fcndigung anpassen. Es gilt die jeweils aktuelle, auf unserer Website publizierte Fassung. Soweit die Datenschutzerkl\u00e4rung Teil einer Vereinbarung mit Ihnen ist, werden wir Sie im Falle einer Aktualisierung \u00fcber die \u00c4nderung per E-Mail oder auf andere geeignete Weise informieren.<\/p>\n\n\n\n<h2 class=\"wp-block-heading has-medium-font-size\"><strong>Fragen an den Datenschutzbeauftragten<\/strong><\/h2>\n\n\n\n<p>Wenn Sie Fragen zum Datenschutz haben, schreiben Sie uns bitte eine E-Mail oder wenden Sie sich direkt an die f\u00fcr den Datenschutz zu Beginn der Datenschutzerkl\u00e4rung aufgef\u00fchrten, verantwortlichen Person in unserer Organisation.<\/p>\n\n\n\n<p>Bern, 15.08.2020<br>Quelle: <a href=\"https:\/\/www.swissanwalt.ch\" target=\"_blank\" rel=\"noreferrer noopener\">SwissAnwalt<\/a><\/p>\n\n\n\n<p><\/p>\n","protected":false},"excerpt":{"rendered":"<p>Verantwortliche Stelle im Sinne der Datenschutzgesetze, insbesondere der EU-Datenschutzgrundverordnung (DSGVO), ist: Stefan KropfAnkerstrasse 43006 Bern Telefon: 031 333 17 31E-Mail: [&hellip;]<\/p>\n","protected":false},"author":1,"featured_media":0,"parent":0,"menu_order":0,"comment_status":"closed","ping_status":"closed","template":"","meta":{"site-sidebar-layout":"default","site-content-layout":"","ast-site-content-layout":"default","site-content-style":"default","site-sidebar-style":"default","ast-global-header-display":"","ast-banner-title-visibility":"","ast-main-header-display":"","ast-hfb-above-header-display":"","ast-hfb-below-header-display":"","ast-hfb-mobile-header-display":"","site-post-title":"","ast-breadcrumbs-content":"","ast-featured-img":"","footer-sml-layout":"","ast-disable-related-posts":"","theme-transparent-header-meta":"","adv-header-id-meta":"","stick-header-meta":"","header-above-stick-meta":"","header-main-stick-meta":"","header-below-stick-meta":"","astra-migrate-meta-layouts":"default","ast-page-background-enabled":"default","ast-page-background-meta":{"desktop":{"background-color":"var(--ast-global-color-4)","background-image":"","background-repeat":"repeat","background-position":"center center","background-size":"auto","background-attachment":"scroll","background-type":"","background-media":"","overlay-type":"","overlay-color":"","overlay-opacity":"","overlay-gradient":""},"tablet":{"background-color":"","background-image":"","background-repeat":"repeat","background-position":"center center","background-size":"auto","background-attachment":"scroll","background-type":"","background-media":"","overlay-type":"","overlay-color":"","overlay-opacity":"","overlay-gradient":""},"mobile":{"background-color":"","background-image":"","background-repeat":"repeat","background-position":"center center","background-size":"auto","background-attachment":"scroll","background-type":"","background-media":"","overlay-type":"","overlay-color":"","overlay-opacity":"","overlay-gradient":""}},"ast-content-background-meta":{"desktop":{"background-color":"var(--ast-global-color-5)","background-image":"","background-repeat":"repeat","background-position":"center center","background-size":"auto","background-attachment":"scroll","background-type":"","background-media":"","overlay-type":"","overlay-color":"","overlay-opacity":"","overlay-gradient":""},"tablet":{"background-color":"var(--ast-global-color-5)","background-image":"","background-repeat":"repeat","background-position":"center center","background-size":"auto","background-attachment":"scroll","background-type":"","background-media":"","overlay-type":"","overlay-color":"","overlay-opacity":"","overlay-gradient":""},"mobile":{"background-color":"var(--ast-global-color-5)","background-image":"","background-repeat":"repeat","background-position":"center center","background-size":"auto","background-attachment":"scroll","background-type":"","background-media":"","overlay-type":"","overlay-color":"","overlay-opacity":"","overlay-gradient":""}},"footnotes":""},"class_list":["post-291","page","type-page","status-publish","hentry"],"yoast_head":"<!-- This site is optimized with the Yoast SEO plugin v26.8 - https:\/\/yoast.com\/product\/yoast-seo-wordpress\/ -->\n<title>Datenschutzerkl\u00e4rung - SPF Anker<\/title>\n<meta name=\"robots\" content=\"index, follow, max-snippet:-1, max-image-preview:large, max-video-preview:-1\" \/>\n<link rel=\"canonical\" href=\"https:\/\/spfanker.ch\/?page_id=291\" \/>\n<meta property=\"og:locale\" content=\"de_DE\" \/>\n<meta property=\"og:type\" content=\"article\" \/>\n<meta property=\"og:title\" content=\"Datenschutzerkl\u00e4rung - SPF Anker\" \/>\n<meta property=\"og:description\" content=\"Verantwortliche Stelle im Sinne der Datenschutzgesetze, insbesondere der EU-Datenschutzgrundverordnung (DSGVO), ist: Stefan KropfAnkerstrasse 43006 Bern Telefon: 031 333 17 31E-Mail: [&hellip;]\" \/>\n<meta property=\"og:url\" content=\"https:\/\/spfanker.ch\/?page_id=291\" \/>\n<meta property=\"og:site_name\" content=\"SPF Anker\" \/>\n<meta property=\"article:modified_time\" content=\"2024-10-23T23:01:52+00:00\" \/>\n<meta name=\"twitter:card\" content=\"summary_large_image\" \/>\n<meta name=\"twitter:label1\" content=\"Gesch\u00e4tzte Lesezeit\" \/>\n\t<meta name=\"twitter:data1\" content=\"1\u00a0Minute\" \/>\n<script type=\"application\/ld+json\" class=\"yoast-schema-graph\">{\"@context\":\"https:\/\/schema.org\",\"@graph\":[{\"@type\":\"WebPage\",\"@id\":\"https:\/\/spfanker.ch\/?page_id=291\",\"url\":\"https:\/\/spfanker.ch\/?page_id=291\",\"name\":\"Datenschutzerkl\u00e4rung - SPF Anker\",\"isPartOf\":{\"@id\":\"https:\/\/spfanker.ch\/#website\"},\"datePublished\":\"2024-10-23T22:19:13+00:00\",\"dateModified\":\"2024-10-23T23:01:52+00:00\",\"breadcrumb\":{\"@id\":\"https:\/\/spfanker.ch\/?page_id=291#breadcrumb\"},\"inLanguage\":\"de-CH\",\"potentialAction\":[{\"@type\":\"ReadAction\",\"target\":[\"https:\/\/spfanker.ch\/?page_id=291\"]}]},{\"@type\":\"BreadcrumbList\",\"@id\":\"https:\/\/spfanker.ch\/?page_id=291#breadcrumb\",\"itemListElement\":[{\"@type\":\"ListItem\",\"position\":1,\"name\":\"Startseite\",\"item\":\"https:\/\/spfanker.ch\/\"},{\"@type\":\"ListItem\",\"position\":2,\"name\":\"Datenschutzerkl\u00e4rung\"}]},{\"@type\":\"WebSite\",\"@id\":\"https:\/\/spfanker.ch\/#website\",\"url\":\"https:\/\/spfanker.ch\/\",\"name\":\"Sozialp\u00e4dagogische Familienbegleitung Anker\",\"description\":\"Sozialp\u00e4dagogische Familienbegleitung Anker\",\"publisher\":{\"@id\":\"https:\/\/spfanker.ch\/#organization\"},\"potentialAction\":[{\"@type\":\"SearchAction\",\"target\":{\"@type\":\"EntryPoint\",\"urlTemplate\":\"https:\/\/spfanker.ch\/?s={search_term_string}\"},\"query-input\":{\"@type\":\"PropertyValueSpecification\",\"valueRequired\":true,\"valueName\":\"search_term_string\"}}],\"inLanguage\":\"de-CH\"},{\"@type\":\"Organization\",\"@id\":\"https:\/\/spfanker.ch\/#organization\",\"name\":\"Sozialp\u00e4dagogische Familienbegleitung Anker\",\"url\":\"https:\/\/spfanker.ch\/\",\"logo\":{\"@type\":\"ImageObject\",\"inLanguage\":\"de-CH\",\"@id\":\"https:\/\/spfanker.ch\/#\/schema\/logo\/image\/\",\"url\":\"https:\/\/spfanker.ch\/wp-content\/uploads\/2024\/10\/Anker-Logo.png\",\"contentUrl\":\"https:\/\/spfanker.ch\/wp-content\/uploads\/2024\/10\/Anker-Logo.png\",\"width\":150,\"height\":150,\"caption\":\"Sozialp\u00e4dagogische Familienbegleitung Anker\"},\"image\":{\"@id\":\"https:\/\/spfanker.ch\/#\/schema\/logo\/image\/\"}}]}<\/script>\n<!-- \/ Yoast SEO plugin. -->","yoast_head_json":{"title":"Datenschutzerkl\u00e4rung - SPF Anker","robots":{"index":"index","follow":"follow","max-snippet":"max-snippet:-1","max-image-preview":"max-image-preview:large","max-video-preview":"max-video-preview:-1"},"canonical":"https:\/\/spfanker.ch\/?page_id=291","og_locale":"de_DE","og_type":"article","og_title":"Datenschutzerkl\u00e4rung - SPF Anker","og_description":"Verantwortliche Stelle im Sinne der Datenschutzgesetze, insbesondere der EU-Datenschutzgrundverordnung (DSGVO), ist: Stefan KropfAnkerstrasse 43006 Bern Telefon: 031 333 17 31E-Mail: [&hellip;]","og_url":"https:\/\/spfanker.ch\/?page_id=291","og_site_name":"SPF Anker","article_modified_time":"2024-10-23T23:01:52+00:00","twitter_card":"summary_large_image","twitter_misc":{"Gesch\u00e4tzte Lesezeit":"1\u00a0Minute"},"schema":{"@context":"https:\/\/schema.org","@graph":[{"@type":"WebPage","@id":"https:\/\/spfanker.ch\/?page_id=291","url":"https:\/\/spfanker.ch\/?page_id=291","name":"Datenschutzerkl\u00e4rung - SPF Anker","isPartOf":{"@id":"https:\/\/spfanker.ch\/#website"},"datePublished":"2024-10-23T22:19:13+00:00","dateModified":"2024-10-23T23:01:52+00:00","breadcrumb":{"@id":"https:\/\/spfanker.ch\/?page_id=291#breadcrumb"},"inLanguage":"de-CH","potentialAction":[{"@type":"ReadAction","target":["https:\/\/spfanker.ch\/?page_id=291"]}]},{"@type":"BreadcrumbList","@id":"https:\/\/spfanker.ch\/?page_id=291#breadcrumb","itemListElement":[{"@type":"ListItem","position":1,"name":"Startseite","item":"https:\/\/spfanker.ch\/"},{"@type":"ListItem","position":2,"name":"Datenschutzerkl\u00e4rung"}]},{"@type":"WebSite","@id":"https:\/\/spfanker.ch\/#website","url":"https:\/\/spfanker.ch\/","name":"Sozialp\u00e4dagogische Familienbegleitung Anker","description":"Sozialp\u00e4dagogische Familienbegleitung Anker","publisher":{"@id":"https:\/\/spfanker.ch\/#organization"},"potentialAction":[{"@type":"SearchAction","target":{"@type":"EntryPoint","urlTemplate":"https:\/\/spfanker.ch\/?s={search_term_string}"},"query-input":{"@type":"PropertyValueSpecification","valueRequired":true,"valueName":"search_term_string"}}],"inLanguage":"de-CH"},{"@type":"Organization","@id":"https:\/\/spfanker.ch\/#organization","name":"Sozialp\u00e4dagogische Familienbegleitung Anker","url":"https:\/\/spfanker.ch\/","logo":{"@type":"ImageObject","inLanguage":"de-CH","@id":"https:\/\/spfanker.ch\/#\/schema\/logo\/image\/","url":"https:\/\/spfanker.ch\/wp-content\/uploads\/2024\/10\/Anker-Logo.png","contentUrl":"https:\/\/spfanker.ch\/wp-content\/uploads\/2024\/10\/Anker-Logo.png","width":150,"height":150,"caption":"Sozialp\u00e4dagogische Familienbegleitung Anker"},"image":{"@id":"https:\/\/spfanker.ch\/#\/schema\/logo\/image\/"}}]}},"_links":{"self":[{"href":"https:\/\/spfanker.ch\/index.php?rest_route=\/wp\/v2\/pages\/291","targetHints":{"allow":["GET"]}}],"collection":[{"href":"https:\/\/spfanker.ch\/index.php?rest_route=\/wp\/v2\/pages"}],"about":[{"href":"https:\/\/spfanker.ch\/index.php?rest_route=\/wp\/v2\/types\/page"}],"author":[{"embeddable":true,"href":"https:\/\/spfanker.ch\/index.php?rest_route=\/wp\/v2\/users\/1"}],"replies":[{"embeddable":true,"href":"https:\/\/spfanker.ch\/index.php?rest_route=%2Fwp%2Fv2%2Fcomments&post=291"}],"version-history":[{"count":5,"href":"https:\/\/spfanker.ch\/index.php?rest_route=\/wp\/v2\/pages\/291\/revisions"}],"predecessor-version":[{"id":298,"href":"https:\/\/spfanker.ch\/index.php?rest_route=\/wp\/v2\/pages\/291\/revisions\/298"}],"wp:attachment":[{"href":"https:\/\/spfanker.ch\/index.php?rest_route=%2Fwp%2Fv2%2Fmedia&parent=291"}],"curies":[{"name":"wp","href":"https:\/\/api.w.org\/{rel}","templated":true}]}}