{"id":30,"date":"2024-10-17T15:35:07","date_gmt":"2024-10-17T15:35:07","guid":{"rendered":"https:\/\/spfanker.ch\/?page_id=30"},"modified":"2024-10-23T20:33:10","modified_gmt":"2024-10-23T20:33:10","slug":"ueber-uns","status":"publish","type":"page","link":"https:\/\/spfanker.ch\/?page_id=30","title":{"rendered":"Katrin Dewald"},"content":{"rendered":"\n<p><strong>Sozialp\u00e4dagogin HF, Mitglied der Gesch\u00e4ftsleitung<\/strong><\/p>\n\n\n\n<p><strong>aufgewachsen in Aesch, BL, wohnhaft in Bern mit meiner Familie, Mutter von einer Tochter und einem Sohn<\/strong><\/p>\n\n\n\n<p><strong>Meine St\u00e4rken und Interessen als Familienbegleiterin:<\/strong><\/p>\n\n\n\n<p>Als Familienbegleiterin&#8230;<\/p>\n\n\n\n<ul class=\"wp-block-list\">\n<li>interessiere ich mich f\u00fcr&#8217;s Gegen\u00fcber, f\u00fcr ihre Geschichten, f\u00fcr ihren Standpunkt und f\u00fcr ihre F\u00e4higkeiten. Gemeinsam gehen wir auf die Suche nach Ressourcen und der eigenen Willenskraft, aus schwierigen Momenten neue Chancen f\u00fcr neue und spannende Wege zu gehen.<\/li>\n\n\n\n<li>sind mir bei einer Zusammenarbeit die Zuverl\u00e4ssigkeit, Klarheit, Transparenz und Empathie sehr wichtig.<\/li>\n\n\n\n<li>bin ich sehr gern draussen in der Natur, sch\u00e4tze outdoor-Aktivit\u00e4ten mit Menschen. Auf einem Spaziergang mit Blick ins Gr\u00fcne gelingen entspanntes Austauschen und erstaunliche Prozesse. Es ist wundersch\u00f6n, immer wieder zu beobachten, wie Kinder und auch Jugendliche auf einfache Aktivit\u00e4ten kooperativ reagieren.<\/li>\n\n\n\n<li>bin ich gern kreativ. Ob das Gestalten eines \u00c4mtliplanes oder ob das Spielen eines Gesellschaftsspieles, es schafft Beziehung und Tiefe.<\/li>\n\n\n\n<li>ist mir die Marte-Meo-Methode ein hilfreiches Werkzeug geworden. Mit der Hilfe eines Videofilmes kann der Mutter\/den Eltern Schritt f\u00fcr Schritt aufgezeigt werden, welche gelingende Momente zwischen Mutter\/Vater und Kind bereits vorhanden sind und welche positiven Entwicklungsprozesse im Kind schon dadurch ausgel\u00f6st wurden. So erleben die Eltern, wie sie aus eigener Kraft ihre Kinder positiv begleiten k\u00f6nnen. Es schafft wundersch\u00f6ne Aha-Momente.<\/li>\n<\/ul>\n\n\n\n<p><\/p>\n\n\n\n<p><strong>Berufserfahrung<\/strong><\/p>\n\n\n\n<ul class=\"wp-block-list\">\n<li>Selbst\u00e4ndige Erwerbst\u00e4tigkeit als Familienbegleiterin mit Leistungsvertrag KJA<\/li>\n\n\n\n<li>Selbst\u00e4ndige Erwerbst\u00e4tigkeit im Betreuten Wohnen fu\u0308r Mutter und Kind<\/li>\n\n\n\n<li>Sozialp\u00e4dagogin in der AWG Weiermatt<\/li>\n\n\n\n<li>Sozialp\u00e4dagogin im Schl\u00f6ssli Kehrsatz<\/li>\n\n\n\n<li>Sozialp\u00e4dagogin und Praxisanleiterin in der Agilas in Bolligen<\/li>\n\n\n\n<li>Sozialp\u00e4dagogin in der Beo Heimgarten in Bern<\/li>\n\n\n\n<li>Sozialp\u00e4dagogin und Praxisausbildnerin im Kannenfeld Wohnheim in Basel<\/li>\n\n\n\n<li>Sozialp\u00e4dagogin und stellvertretende Gruppenleiterin im Verein Wohngruppen Baselland<\/li>\n\n\n\n<li>Gruppenleiterin im Tagesheim des Basler Frauenvereins<\/li>\n<\/ul>\n\n\n\n<p><\/p>\n\n\n\n<p><strong>Bildungsweg<\/strong><\/p>\n\n\n\n<ul class=\"wp-block-list\">\n<li>Systemischer Elterncoach<\/li>\n\n\n\n<li>Marte Meo Therapeutin<\/li>\n\n\n\n<li>Online Grundlagenmodul Traumap\u00e4dagogik<\/li>\n\n\n\n<li>Kindesschutz durch Elterncoaching<\/li>\n\n\n\n<li>Marte Meo Anwenderin<\/li>\n\n\n\n<li>Traumap\u00e4dagogik \u2013 P\u00e4dagogischer Alltag mit traumatisierter Kindern und Jugendlichen<\/li>\n\n\n\n<li>Weiterbildung in systemischer Therapie und Beratung am ZSB: Grundkurs in systemischer Beratung und P\u00e4dagogik<\/li>\n\n\n\n<li>Burn-out Prophylaxe<\/li>\n\n\n\n<li>Resilienz in der systemischen Therapie; ZSB<\/li>\n\n\n\n<li>Weiterbildung \u201eL\u00f6sungsorientiertes Arbeiten mit Kindern und Jugendlichen und ihrem Umfeld\u201c<\/li>\n\n\n\n<li>Nachdiplomkurs Praxisausbildnerin an der FHS in Basel<\/li>\n\n\n\n<li>H\u00f6here Fachschule, Sozialp\u00e4dagogik HSL in Luzern<\/li>\n\n\n\n<li>Diplommittelschule in Mu\u0308nchenstein<\/li>\n<\/ul>\n\n\n\n<p><\/p>\n\n\n\n<p><\/p>\n\n\n\n<p><\/p>\n\n\n\n<p><\/p>\n","protected":false},"excerpt":{"rendered":"<p>Sozialp\u00e4dagogin HF, Mitglied der Gesch\u00e4ftsleitung aufgewachsen in Aesch, BL, wohnhaft in Bern mit meiner Familie, Mutter von einer Tochter und [&hellip;]<\/p>\n","protected":false},"author":1,"featured_media":235,"parent":0,"menu_order":0,"comment_status":"closed","ping_status":"closed","template":"","meta":{"site-sidebar-layout":"default","site-content-layout":"","ast-site-content-layout":"default","site-content-style":"default","site-sidebar-style":"default","ast-global-header-display":"","ast-banner-title-visibility":"","ast-main-header-display":"","ast-hfb-above-header-display":"","ast-hfb-below-header-display":"","ast-hfb-mobile-header-display":"","site-post-title":"","ast-breadcrumbs-content":"","ast-featured-img":"","footer-sml-layout":"","ast-disable-related-posts":"","theme-transparent-header-meta":"","adv-header-id-meta":"","stick-header-meta":"","header-above-stick-meta":"","header-main-stick-meta":"","header-below-stick-meta":"","astra-migrate-meta-layouts":"default","ast-page-background-enabled":"default","ast-page-background-meta":{"desktop":{"background-color":"var(--ast-global-color-4)","background-image":"","background-repeat":"repeat","background-position":"center center","background-size":"auto","background-attachment":"scroll","background-type":"","background-media":"","overlay-type":"","overlay-color":"","overlay-opacity":"","overlay-gradient":""},"tablet":{"background-color":"","background-image":"","background-repeat":"repeat","background-position":"center center","background-size":"auto","background-attachment":"scroll","background-type":"","background-media":"","overlay-type":"","overlay-color":"","overlay-opacity":"","overlay-gradient":""},"mobile":{"background-color":"","background-image":"","background-repeat":"repeat","background-position":"center center","background-size":"auto","background-attachment":"scroll","background-type":"","background-media":"","overlay-type":"","overlay-color":"","overlay-opacity":"","overlay-gradient":""}},"ast-content-background-meta":{"desktop":{"background-color":"var(--ast-global-color-5)","background-image":"","background-repeat":"repeat","background-position":"center center","background-size":"auto","background-attachment":"scroll","background-type":"","background-media":"","overlay-type":"","overlay-color":"","overlay-opacity":"","overlay-gradient":""},"tablet":{"background-color":"var(--ast-global-color-5)","background-image":"","background-repeat":"repeat","background-position":"center center","background-size":"auto","background-attachment":"scroll","background-type":"","background-media":"","overlay-type":"","overlay-color":"","overlay-opacity":"","overlay-gradient":""},"mobile":{"background-color":"var(--ast-global-color-5)","background-image":"","background-repeat":"repeat","background-position":"center center","background-size":"auto","background-attachment":"scroll","background-type":"","background-media":"","overlay-type":"","overlay-color":"","overlay-opacity":"","overlay-gradient":""}},"footnotes":""},"class_list":["post-30","page","type-page","status-publish","has-post-thumbnail","hentry"],"yoast_head":"<!-- This site is optimized with the Yoast SEO plugin v26.8 - https:\/\/yoast.com\/product\/yoast-seo-wordpress\/ -->\n<title>Katrin Dewald - SPF Anker<\/title>\n<meta name=\"robots\" content=\"index, follow, max-snippet:-1, max-image-preview:large, max-video-preview:-1\" \/>\n<link rel=\"canonical\" href=\"https:\/\/spfanker.ch\/?page_id=30\" \/>\n<meta property=\"og:locale\" content=\"de_DE\" \/>\n<meta property=\"og:type\" content=\"article\" \/>\n<meta property=\"og:title\" content=\"Katrin Dewald - SPF Anker\" \/>\n<meta property=\"og:description\" content=\"Sozialp\u00e4dagogin HF, Mitglied der Gesch\u00e4ftsleitung aufgewachsen in Aesch, BL, wohnhaft in Bern mit meiner Familie, Mutter von einer Tochter und [&hellip;]\" \/>\n<meta property=\"og:url\" content=\"https:\/\/spfanker.ch\/?page_id=30\" \/>\n<meta property=\"og:site_name\" content=\"SPF Anker\" \/>\n<meta property=\"article:modified_time\" content=\"2024-10-23T20:33:10+00:00\" \/>\n<meta property=\"og:image\" content=\"https:\/\/spfanker.ch\/wp-content\/uploads\/2024\/10\/Katrin-Dewald-Foto-edited-scaled.jpg\" \/>\n\t<meta property=\"og:image:width\" content=\"2560\" \/>\n\t<meta property=\"og:image:height\" content=\"1920\" \/>\n\t<meta property=\"og:image:type\" content=\"image\/jpeg\" \/>\n<meta name=\"twitter:card\" content=\"summary_large_image\" \/>\n<meta name=\"twitter:label1\" content=\"Gesch\u00e4tzte Lesezeit\" \/>\n\t<meta name=\"twitter:data1\" content=\"2\u00a0Minuten\" \/>\n<script type=\"application\/ld+json\" class=\"yoast-schema-graph\">{\"@context\":\"https:\/\/schema.org\",\"@graph\":[{\"@type\":\"WebPage\",\"@id\":\"https:\/\/spfanker.ch\/?page_id=30\",\"url\":\"https:\/\/spfanker.ch\/?page_id=30\",\"name\":\"Katrin Dewald - SPF Anker\",\"isPartOf\":{\"@id\":\"https:\/\/spfanker.ch\/#website\"},\"primaryImageOfPage\":{\"@id\":\"https:\/\/spfanker.ch\/?page_id=30#primaryimage\"},\"image\":{\"@id\":\"https:\/\/spfanker.ch\/?page_id=30#primaryimage\"},\"thumbnailUrl\":\"https:\/\/spfanker.ch\/wp-content\/uploads\/2024\/10\/Katrin-Dewald-Foto-edited-scaled.jpg\",\"datePublished\":\"2024-10-17T15:35:07+00:00\",\"dateModified\":\"2024-10-23T20:33:10+00:00\",\"breadcrumb\":{\"@id\":\"https:\/\/spfanker.ch\/?page_id=30#breadcrumb\"},\"inLanguage\":\"de-CH\",\"potentialAction\":[{\"@type\":\"ReadAction\",\"target\":[\"https:\/\/spfanker.ch\/?page_id=30\"]}]},{\"@type\":\"ImageObject\",\"inLanguage\":\"de-CH\",\"@id\":\"https:\/\/spfanker.ch\/?page_id=30#primaryimage\",\"url\":\"https:\/\/spfanker.ch\/wp-content\/uploads\/2024\/10\/Katrin-Dewald-Foto-edited-scaled.jpg\",\"contentUrl\":\"https:\/\/spfanker.ch\/wp-content\/uploads\/2024\/10\/Katrin-Dewald-Foto-edited-scaled.jpg\",\"width\":2560,\"height\":1920},{\"@type\":\"BreadcrumbList\",\"@id\":\"https:\/\/spfanker.ch\/?page_id=30#breadcrumb\",\"itemListElement\":[{\"@type\":\"ListItem\",\"position\":1,\"name\":\"Startseite\",\"item\":\"https:\/\/spfanker.ch\/\"},{\"@type\":\"ListItem\",\"position\":2,\"name\":\"Katrin Dewald\"}]},{\"@type\":\"WebSite\",\"@id\":\"https:\/\/spfanker.ch\/#website\",\"url\":\"https:\/\/spfanker.ch\/\",\"name\":\"Sozialp\u00e4dagogische Familienbegleitung Anker\",\"description\":\"Sozialp\u00e4dagogische Familienbegleitung Anker\",\"publisher\":{\"@id\":\"https:\/\/spfanker.ch\/#organization\"},\"potentialAction\":[{\"@type\":\"SearchAction\",\"target\":{\"@type\":\"EntryPoint\",\"urlTemplate\":\"https:\/\/spfanker.ch\/?s={search_term_string}\"},\"query-input\":{\"@type\":\"PropertyValueSpecification\",\"valueRequired\":true,\"valueName\":\"search_term_string\"}}],\"inLanguage\":\"de-CH\"},{\"@type\":\"Organization\",\"@id\":\"https:\/\/spfanker.ch\/#organization\",\"name\":\"Sozialp\u00e4dagogische Familienbegleitung Anker\",\"url\":\"https:\/\/spfanker.ch\/\",\"logo\":{\"@type\":\"ImageObject\",\"inLanguage\":\"de-CH\",\"@id\":\"https:\/\/spfanker.ch\/#\/schema\/logo\/image\/\",\"url\":\"https:\/\/spfanker.ch\/wp-content\/uploads\/2024\/10\/Anker-Logo.png\",\"contentUrl\":\"https:\/\/spfanker.ch\/wp-content\/uploads\/2024\/10\/Anker-Logo.png\",\"width\":150,\"height\":150,\"caption\":\"Sozialp\u00e4dagogische Familienbegleitung Anker\"},\"image\":{\"@id\":\"https:\/\/spfanker.ch\/#\/schema\/logo\/image\/\"}}]}<\/script>\n<!-- \/ Yoast SEO plugin. -->","yoast_head_json":{"title":"Katrin Dewald - SPF Anker","robots":{"index":"index","follow":"follow","max-snippet":"max-snippet:-1","max-image-preview":"max-image-preview:large","max-video-preview":"max-video-preview:-1"},"canonical":"https:\/\/spfanker.ch\/?page_id=30","og_locale":"de_DE","og_type":"article","og_title":"Katrin Dewald - SPF Anker","og_description":"Sozialp\u00e4dagogin HF, Mitglied der Gesch\u00e4ftsleitung aufgewachsen in Aesch, BL, wohnhaft in Bern mit meiner Familie, Mutter von einer Tochter und [&hellip;]","og_url":"https:\/\/spfanker.ch\/?page_id=30","og_site_name":"SPF Anker","article_modified_time":"2024-10-23T20:33:10+00:00","og_image":[{"width":2560,"height":1920,"url":"https:\/\/spfanker.ch\/wp-content\/uploads\/2024\/10\/Katrin-Dewald-Foto-edited-scaled.jpg","type":"image\/jpeg"}],"twitter_card":"summary_large_image","twitter_misc":{"Gesch\u00e4tzte Lesezeit":"2\u00a0Minuten"},"schema":{"@context":"https:\/\/schema.org","@graph":[{"@type":"WebPage","@id":"https:\/\/spfanker.ch\/?page_id=30","url":"https:\/\/spfanker.ch\/?page_id=30","name":"Katrin Dewald - SPF Anker","isPartOf":{"@id":"https:\/\/spfanker.ch\/#website"},"primaryImageOfPage":{"@id":"https:\/\/spfanker.ch\/?page_id=30#primaryimage"},"image":{"@id":"https:\/\/spfanker.ch\/?page_id=30#primaryimage"},"thumbnailUrl":"https:\/\/spfanker.ch\/wp-content\/uploads\/2024\/10\/Katrin-Dewald-Foto-edited-scaled.jpg","datePublished":"2024-10-17T15:35:07+00:00","dateModified":"2024-10-23T20:33:10+00:00","breadcrumb":{"@id":"https:\/\/spfanker.ch\/?page_id=30#breadcrumb"},"inLanguage":"de-CH","potentialAction":[{"@type":"ReadAction","target":["https:\/\/spfanker.ch\/?page_id=30"]}]},{"@type":"ImageObject","inLanguage":"de-CH","@id":"https:\/\/spfanker.ch\/?page_id=30#primaryimage","url":"https:\/\/spfanker.ch\/wp-content\/uploads\/2024\/10\/Katrin-Dewald-Foto-edited-scaled.jpg","contentUrl":"https:\/\/spfanker.ch\/wp-content\/uploads\/2024\/10\/Katrin-Dewald-Foto-edited-scaled.jpg","width":2560,"height":1920},{"@type":"BreadcrumbList","@id":"https:\/\/spfanker.ch\/?page_id=30#breadcrumb","itemListElement":[{"@type":"ListItem","position":1,"name":"Startseite","item":"https:\/\/spfanker.ch\/"},{"@type":"ListItem","position":2,"name":"Katrin Dewald"}]},{"@type":"WebSite","@id":"https:\/\/spfanker.ch\/#website","url":"https:\/\/spfanker.ch\/","name":"Sozialp\u00e4dagogische Familienbegleitung Anker","description":"Sozialp\u00e4dagogische Familienbegleitung Anker","publisher":{"@id":"https:\/\/spfanker.ch\/#organization"},"potentialAction":[{"@type":"SearchAction","target":{"@type":"EntryPoint","urlTemplate":"https:\/\/spfanker.ch\/?s={search_term_string}"},"query-input":{"@type":"PropertyValueSpecification","valueRequired":true,"valueName":"search_term_string"}}],"inLanguage":"de-CH"},{"@type":"Organization","@id":"https:\/\/spfanker.ch\/#organization","name":"Sozialp\u00e4dagogische Familienbegleitung Anker","url":"https:\/\/spfanker.ch\/","logo":{"@type":"ImageObject","inLanguage":"de-CH","@id":"https:\/\/spfanker.ch\/#\/schema\/logo\/image\/","url":"https:\/\/spfanker.ch\/wp-content\/uploads\/2024\/10\/Anker-Logo.png","contentUrl":"https:\/\/spfanker.ch\/wp-content\/uploads\/2024\/10\/Anker-Logo.png","width":150,"height":150,"caption":"Sozialp\u00e4dagogische Familienbegleitung Anker"},"image":{"@id":"https:\/\/spfanker.ch\/#\/schema\/logo\/image\/"}}]}},"_links":{"self":[{"href":"https:\/\/spfanker.ch\/index.php?rest_route=\/wp\/v2\/pages\/30","targetHints":{"allow":["GET"]}}],"collection":[{"href":"https:\/\/spfanker.ch\/index.php?rest_route=\/wp\/v2\/pages"}],"about":[{"href":"https:\/\/spfanker.ch\/index.php?rest_route=\/wp\/v2\/types\/page"}],"author":[{"embeddable":true,"href":"https:\/\/spfanker.ch\/index.php?rest_route=\/wp\/v2\/users\/1"}],"replies":[{"embeddable":true,"href":"https:\/\/spfanker.ch\/index.php?rest_route=%2Fwp%2Fv2%2Fcomments&post=30"}],"version-history":[{"count":17,"href":"https:\/\/spfanker.ch\/index.php?rest_route=\/wp\/v2\/pages\/30\/revisions"}],"predecessor-version":[{"id":280,"href":"https:\/\/spfanker.ch\/index.php?rest_route=\/wp\/v2\/pages\/30\/revisions\/280"}],"wp:featuredmedia":[{"embeddable":true,"href":"https:\/\/spfanker.ch\/index.php?rest_route=\/wp\/v2\/media\/235"}],"wp:attachment":[{"href":"https:\/\/spfanker.ch\/index.php?rest_route=%2Fwp%2Fv2%2Fmedia&parent=30"}],"curies":[{"name":"wp","href":"https:\/\/api.w.org\/{rel}","templated":true}]}}