{"id":329,"date":"2025-01-07T17:15:34","date_gmt":"2025-01-07T17:15:34","guid":{"rendered":"https:\/\/spfanker.ch\/?page_id=329"},"modified":"2025-01-07T17:45:04","modified_gmt":"2025-01-07T17:45:04","slug":"begleitetes-besuchsrecht","status":"publish","type":"page","link":"https:\/\/spfanker.ch\/?page_id=329","title":{"rendered":"Begleitetes Besuchsrecht"},"content":{"rendered":"\n<p class=\"has-medium-font-size\">Neben der Sozialp\u00e4dagogischen Familienbegleitung bieten wir auch <strong>das begleitete Besuchsrecht<\/strong> an. Hier liegt uns am Herzen, dass sicherere und kinderfreundliche Bedingungen geschaffen werden, die das Wohl des Kindes gew\u00e4hrleisten. So muss der Ort und die Umgebung kinderfreundlich ausgestattet sein. Auch unterst\u00fctzen wir die Eltern-Kind-Beziehung und sorgen f\u00fcr eine Atmosph\u00e4re, die frei von Konflikten und Stress ist. Es ist wichtig, dass die Bed\u00fcrfnisse des Kindes ber\u00fccksichtigt werden und ihre Sichtweisen und W\u00fcnsche in der Begleitung des Besuchsrechtes partizipativ einbezogen werden. Der Ort, an dem das begleitete Besuchsrecht stattfindet, wird zuvor festgelegt. Diverse Lokalit\u00e4ten, wie der Familientreff an der Muristrasse in Bern, das Bimano am Zentweg, div. Spielpl\u00e4tze und Ausflugsorte k\u00f6nnen auch gew\u00e4hlt werden. Die SPF Anker stellt bei Bedarf an der Ankerstrasse 4 gewisse R\u00e4ume, wie Wohn- und Esszimmer und K\u00fcche zur Verf\u00fcgung.<\/p>\n\n\n\n<p><\/p>\n","protected":false},"excerpt":{"rendered":"<p>Neben der Sozialp\u00e4dagogischen Familienbegleitung bieten wir auch das begleitete Besuchsrecht an. Hier liegt uns am Herzen, dass sicherere und kinderfreundliche [&hellip;]<\/p>\n","protected":false},"author":1,"featured_media":337,"parent":0,"menu_order":0,"comment_status":"closed","ping_status":"closed","template":"","meta":{"site-sidebar-layout":"default","site-content-layout":"","ast-site-content-layout":"default","site-content-style":"default","site-sidebar-style":"default","ast-global-header-display":"","ast-banner-title-visibility":"","ast-main-header-display":"","ast-hfb-above-header-display":"","ast-hfb-below-header-display":"","ast-hfb-mobile-header-display":"","site-post-title":"","ast-breadcrumbs-content":"","ast-featured-img":"","footer-sml-layout":"","ast-disable-related-posts":"","theme-transparent-header-meta":"","adv-header-id-meta":"","stick-header-meta":"","header-above-stick-meta":"","header-main-stick-meta":"","header-below-stick-meta":"","astra-migrate-meta-layouts":"default","ast-page-background-enabled":"default","ast-page-background-meta":{"desktop":{"background-color":"var(--ast-global-color-4)","background-image":"","background-repeat":"repeat","background-position":"center center","background-size":"auto","background-attachment":"scroll","background-type":"","background-media":"","overlay-type":"","overlay-color":"","overlay-opacity":"","overlay-gradient":""},"tablet":{"background-color":"","background-image":"","background-repeat":"repeat","background-position":"center center","background-size":"auto","background-attachment":"scroll","background-type":"","background-media":"","overlay-type":"","overlay-color":"","overlay-opacity":"","overlay-gradient":""},"mobile":{"background-color":"","background-image":"","background-repeat":"repeat","background-position":"center center","background-size":"auto","background-attachment":"scroll","background-type":"","background-media":"","overlay-type":"","overlay-color":"","overlay-opacity":"","overlay-gradient":""}},"ast-content-background-meta":{"desktop":{"background-color":"var(--ast-global-color-5)","background-image":"","background-repeat":"repeat","background-position":"center center","background-size":"auto","background-attachment":"scroll","background-type":"","background-media":"","overlay-type":"","overlay-color":"","overlay-opacity":"","overlay-gradient":""},"tablet":{"background-color":"var(--ast-global-color-5)","background-image":"","background-repeat":"repeat","background-position":"center center","background-size":"auto","background-attachment":"scroll","background-type":"","background-media":"","overlay-type":"","overlay-color":"","overlay-opacity":"","overlay-gradient":""},"mobile":{"background-color":"var(--ast-global-color-5)","background-image":"","background-repeat":"repeat","background-position":"center center","background-size":"auto","background-attachment":"scroll","background-type":"","background-media":"","overlay-type":"","overlay-color":"","overlay-opacity":"","overlay-gradient":""}},"footnotes":""},"class_list":["post-329","page","type-page","status-publish","has-post-thumbnail","hentry"],"yoast_head":"<!-- This site is optimized with the Yoast SEO plugin v26.8 - https:\/\/yoast.com\/product\/yoast-seo-wordpress\/ -->\n<title>Begleitetes Besuchsrecht - SPF Anker<\/title>\n<meta name=\"robots\" content=\"index, follow, max-snippet:-1, max-image-preview:large, max-video-preview:-1\" \/>\n<link rel=\"canonical\" href=\"https:\/\/spfanker.ch\/?page_id=329\" \/>\n<meta property=\"og:locale\" content=\"de_DE\" \/>\n<meta property=\"og:type\" content=\"article\" \/>\n<meta property=\"og:title\" content=\"Begleitetes Besuchsrecht - SPF Anker\" \/>\n<meta property=\"og:description\" content=\"Neben der Sozialp\u00e4dagogischen Familienbegleitung bieten wir auch das begleitete Besuchsrecht an. Hier liegt uns am Herzen, dass sicherere und kinderfreundliche [&hellip;]\" \/>\n<meta property=\"og:url\" content=\"https:\/\/spfanker.ch\/?page_id=329\" \/>\n<meta property=\"og:site_name\" content=\"SPF Anker\" \/>\n<meta property=\"article:modified_time\" content=\"2025-01-07T17:45:04+00:00\" \/>\n<meta property=\"og:image\" content=\"https:\/\/spfanker.ch\/wp-content\/uploads\/2025\/01\/pexels-tatianasyrikova-3968107-scaled.jpg\" \/>\n\t<meta property=\"og:image:width\" content=\"2560\" \/>\n\t<meta property=\"og:image:height\" content=\"1707\" \/>\n\t<meta property=\"og:image:type\" content=\"image\/jpeg\" \/>\n<meta name=\"twitter:card\" content=\"summary_large_image\" \/>\n<meta name=\"twitter:label1\" content=\"Gesch\u00e4tzte Lesezeit\" \/>\n\t<meta name=\"twitter:data1\" content=\"1\u00a0Minute\" \/>\n<script type=\"application\/ld+json\" class=\"yoast-schema-graph\">{\"@context\":\"https:\/\/schema.org\",\"@graph\":[{\"@type\":\"WebPage\",\"@id\":\"https:\/\/spfanker.ch\/?page_id=329\",\"url\":\"https:\/\/spfanker.ch\/?page_id=329\",\"name\":\"Begleitetes Besuchsrecht - SPF Anker\",\"isPartOf\":{\"@id\":\"https:\/\/spfanker.ch\/#website\"},\"primaryImageOfPage\":{\"@id\":\"https:\/\/spfanker.ch\/?page_id=329#primaryimage\"},\"image\":{\"@id\":\"https:\/\/spfanker.ch\/?page_id=329#primaryimage\"},\"thumbnailUrl\":\"https:\/\/spfanker.ch\/wp-content\/uploads\/2025\/01\/pexels-tatianasyrikova-3968107-scaled.jpg\",\"datePublished\":\"2025-01-07T17:15:34+00:00\",\"dateModified\":\"2025-01-07T17:45:04+00:00\",\"breadcrumb\":{\"@id\":\"https:\/\/spfanker.ch\/?page_id=329#breadcrumb\"},\"inLanguage\":\"de-CH\",\"potentialAction\":[{\"@type\":\"ReadAction\",\"target\":[\"https:\/\/spfanker.ch\/?page_id=329\"]}]},{\"@type\":\"ImageObject\",\"inLanguage\":\"de-CH\",\"@id\":\"https:\/\/spfanker.ch\/?page_id=329#primaryimage\",\"url\":\"https:\/\/spfanker.ch\/wp-content\/uploads\/2025\/01\/pexels-tatianasyrikova-3968107-scaled.jpg\",\"contentUrl\":\"https:\/\/spfanker.ch\/wp-content\/uploads\/2025\/01\/pexels-tatianasyrikova-3968107-scaled.jpg\",\"width\":2560,\"height\":1707},{\"@type\":\"BreadcrumbList\",\"@id\":\"https:\/\/spfanker.ch\/?page_id=329#breadcrumb\",\"itemListElement\":[{\"@type\":\"ListItem\",\"position\":1,\"name\":\"Startseite\",\"item\":\"https:\/\/spfanker.ch\/\"},{\"@type\":\"ListItem\",\"position\":2,\"name\":\"Begleitetes Besuchsrecht\"}]},{\"@type\":\"WebSite\",\"@id\":\"https:\/\/spfanker.ch\/#website\",\"url\":\"https:\/\/spfanker.ch\/\",\"name\":\"Sozialp\u00e4dagogische Familienbegleitung Anker\",\"description\":\"Sozialp\u00e4dagogische Familienbegleitung Anker\",\"publisher\":{\"@id\":\"https:\/\/spfanker.ch\/#organization\"},\"potentialAction\":[{\"@type\":\"SearchAction\",\"target\":{\"@type\":\"EntryPoint\",\"urlTemplate\":\"https:\/\/spfanker.ch\/?s={search_term_string}\"},\"query-input\":{\"@type\":\"PropertyValueSpecification\",\"valueRequired\":true,\"valueName\":\"search_term_string\"}}],\"inLanguage\":\"de-CH\"},{\"@type\":\"Organization\",\"@id\":\"https:\/\/spfanker.ch\/#organization\",\"name\":\"Sozialp\u00e4dagogische Familienbegleitung Anker\",\"url\":\"https:\/\/spfanker.ch\/\",\"logo\":{\"@type\":\"ImageObject\",\"inLanguage\":\"de-CH\",\"@id\":\"https:\/\/spfanker.ch\/#\/schema\/logo\/image\/\",\"url\":\"https:\/\/spfanker.ch\/wp-content\/uploads\/2024\/10\/Anker-Logo.png\",\"contentUrl\":\"https:\/\/spfanker.ch\/wp-content\/uploads\/2024\/10\/Anker-Logo.png\",\"width\":150,\"height\":150,\"caption\":\"Sozialp\u00e4dagogische Familienbegleitung Anker\"},\"image\":{\"@id\":\"https:\/\/spfanker.ch\/#\/schema\/logo\/image\/\"}}]}<\/script>\n<!-- \/ Yoast SEO plugin. -->","yoast_head_json":{"title":"Begleitetes Besuchsrecht - SPF Anker","robots":{"index":"index","follow":"follow","max-snippet":"max-snippet:-1","max-image-preview":"max-image-preview:large","max-video-preview":"max-video-preview:-1"},"canonical":"https:\/\/spfanker.ch\/?page_id=329","og_locale":"de_DE","og_type":"article","og_title":"Begleitetes Besuchsrecht - SPF Anker","og_description":"Neben der Sozialp\u00e4dagogischen Familienbegleitung bieten wir auch das begleitete Besuchsrecht an. Hier liegt uns am Herzen, dass sicherere und kinderfreundliche [&hellip;]","og_url":"https:\/\/spfanker.ch\/?page_id=329","og_site_name":"SPF Anker","article_modified_time":"2025-01-07T17:45:04+00:00","og_image":[{"width":2560,"height":1707,"url":"https:\/\/spfanker.ch\/wp-content\/uploads\/2025\/01\/pexels-tatianasyrikova-3968107-scaled.jpg","type":"image\/jpeg"}],"twitter_card":"summary_large_image","twitter_misc":{"Gesch\u00e4tzte Lesezeit":"1\u00a0Minute"},"schema":{"@context":"https:\/\/schema.org","@graph":[{"@type":"WebPage","@id":"https:\/\/spfanker.ch\/?page_id=329","url":"https:\/\/spfanker.ch\/?page_id=329","name":"Begleitetes Besuchsrecht - SPF Anker","isPartOf":{"@id":"https:\/\/spfanker.ch\/#website"},"primaryImageOfPage":{"@id":"https:\/\/spfanker.ch\/?page_id=329#primaryimage"},"image":{"@id":"https:\/\/spfanker.ch\/?page_id=329#primaryimage"},"thumbnailUrl":"https:\/\/spfanker.ch\/wp-content\/uploads\/2025\/01\/pexels-tatianasyrikova-3968107-scaled.jpg","datePublished":"2025-01-07T17:15:34+00:00","dateModified":"2025-01-07T17:45:04+00:00","breadcrumb":{"@id":"https:\/\/spfanker.ch\/?page_id=329#breadcrumb"},"inLanguage":"de-CH","potentialAction":[{"@type":"ReadAction","target":["https:\/\/spfanker.ch\/?page_id=329"]}]},{"@type":"ImageObject","inLanguage":"de-CH","@id":"https:\/\/spfanker.ch\/?page_id=329#primaryimage","url":"https:\/\/spfanker.ch\/wp-content\/uploads\/2025\/01\/pexels-tatianasyrikova-3968107-scaled.jpg","contentUrl":"https:\/\/spfanker.ch\/wp-content\/uploads\/2025\/01\/pexels-tatianasyrikova-3968107-scaled.jpg","width":2560,"height":1707},{"@type":"BreadcrumbList","@id":"https:\/\/spfanker.ch\/?page_id=329#breadcrumb","itemListElement":[{"@type":"ListItem","position":1,"name":"Startseite","item":"https:\/\/spfanker.ch\/"},{"@type":"ListItem","position":2,"name":"Begleitetes Besuchsrecht"}]},{"@type":"WebSite","@id":"https:\/\/spfanker.ch\/#website","url":"https:\/\/spfanker.ch\/","name":"Sozialp\u00e4dagogische Familienbegleitung Anker","description":"Sozialp\u00e4dagogische Familienbegleitung Anker","publisher":{"@id":"https:\/\/spfanker.ch\/#organization"},"potentialAction":[{"@type":"SearchAction","target":{"@type":"EntryPoint","urlTemplate":"https:\/\/spfanker.ch\/?s={search_term_string}"},"query-input":{"@type":"PropertyValueSpecification","valueRequired":true,"valueName":"search_term_string"}}],"inLanguage":"de-CH"},{"@type":"Organization","@id":"https:\/\/spfanker.ch\/#organization","name":"Sozialp\u00e4dagogische Familienbegleitung Anker","url":"https:\/\/spfanker.ch\/","logo":{"@type":"ImageObject","inLanguage":"de-CH","@id":"https:\/\/spfanker.ch\/#\/schema\/logo\/image\/","url":"https:\/\/spfanker.ch\/wp-content\/uploads\/2024\/10\/Anker-Logo.png","contentUrl":"https:\/\/spfanker.ch\/wp-content\/uploads\/2024\/10\/Anker-Logo.png","width":150,"height":150,"caption":"Sozialp\u00e4dagogische Familienbegleitung Anker"},"image":{"@id":"https:\/\/spfanker.ch\/#\/schema\/logo\/image\/"}}]}},"_links":{"self":[{"href":"https:\/\/spfanker.ch\/index.php?rest_route=\/wp\/v2\/pages\/329","targetHints":{"allow":["GET"]}}],"collection":[{"href":"https:\/\/spfanker.ch\/index.php?rest_route=\/wp\/v2\/pages"}],"about":[{"href":"https:\/\/spfanker.ch\/index.php?rest_route=\/wp\/v2\/types\/page"}],"author":[{"embeddable":true,"href":"https:\/\/spfanker.ch\/index.php?rest_route=\/wp\/v2\/users\/1"}],"replies":[{"embeddable":true,"href":"https:\/\/spfanker.ch\/index.php?rest_route=%2Fwp%2Fv2%2Fcomments&post=329"}],"version-history":[{"count":3,"href":"https:\/\/spfanker.ch\/index.php?rest_route=\/wp\/v2\/pages\/329\/revisions"}],"predecessor-version":[{"id":334,"href":"https:\/\/spfanker.ch\/index.php?rest_route=\/wp\/v2\/pages\/329\/revisions\/334"}],"wp:featuredmedia":[{"embeddable":true,"href":"https:\/\/spfanker.ch\/index.php?rest_route=\/wp\/v2\/media\/337"}],"wp:attachment":[{"href":"https:\/\/spfanker.ch\/index.php?rest_route=%2Fwp%2Fv2%2Fmedia&parent=329"}],"curies":[{"name":"wp","href":"https:\/\/api.w.org\/{rel}","templated":true}]}}