{"id":342,"date":"2025-02-13T20:22:19","date_gmt":"2025-02-13T20:22:19","guid":{"rendered":"https:\/\/spfanker.ch\/?page_id=342"},"modified":"2025-02-13T21:27:48","modified_gmt":"2025-02-13T21:27:48","slug":"2-zimmerwohnung","status":"publish","type":"page","link":"https:\/\/spfanker.ch\/?page_id=342","title":{"rendered":"2-Zimmerwohnung"},"content":{"rendered":"\n<p class=\"has-medium-font-size\"><strong>Die Sozialp\u00e4dagogische Familienbegleitung Anker vermietet<\/strong> eine m\u00f6blierte 2Zi-Wohnung an der Ankerstrasse 4 in 3006 Bern. Sie ist ausgestattet f\u00fcr eine kleine Familie mit einem Kind oder f\u00fcr eine alleinerziehende Mutter oder Vater mit Kind. Sie kann f\u00fcr \u00dcbergangsphasen\/kurze Zeit oder f\u00fcr l\u00e4ngere Zeit\/unbefristet gemietet werden.<\/p>\n","protected":false},"excerpt":{"rendered":"<p>Die Sozialp\u00e4dagogische Familienbegleitung Anker vermietet eine m\u00f6blierte 2Zi-Wohnung an der Ankerstrasse 4 in 3006 Bern. Sie ist ausgestattet f\u00fcr eine [&hellip;]<\/p>\n","protected":false},"author":1,"featured_media":277,"parent":0,"menu_order":0,"comment_status":"closed","ping_status":"closed","template":"","meta":{"site-sidebar-layout":"default","site-content-layout":"","ast-site-content-layout":"default","site-content-style":"default","site-sidebar-style":"default","ast-global-header-display":"","ast-banner-title-visibility":"","ast-main-header-display":"","ast-hfb-above-header-display":"","ast-hfb-below-header-display":"","ast-hfb-mobile-header-display":"","site-post-title":"","ast-breadcrumbs-content":"","ast-featured-img":"","footer-sml-layout":"","ast-disable-related-posts":"","theme-transparent-header-meta":"","adv-header-id-meta":"","stick-header-meta":"","header-above-stick-meta":"","header-main-stick-meta":"","header-below-stick-meta":"","astra-migrate-meta-layouts":"default","ast-page-background-enabled":"default","ast-page-background-meta":{"desktop":{"background-color":"var(--ast-global-color-4)","background-image":"","background-repeat":"repeat","background-position":"center center","background-size":"auto","background-attachment":"scroll","background-type":"","background-media":"","overlay-type":"","overlay-color":"","overlay-opacity":"","overlay-gradient":""},"tablet":{"background-color":"","background-image":"","background-repeat":"repeat","background-position":"center center","background-size":"auto","background-attachment":"scroll","background-type":"","background-media":"","overlay-type":"","overlay-color":"","overlay-opacity":"","overlay-gradient":""},"mobile":{"background-color":"","background-image":"","background-repeat":"repeat","background-position":"center center","background-size":"auto","background-attachment":"scroll","background-type":"","background-media":"","overlay-type":"","overlay-color":"","overlay-opacity":"","overlay-gradient":""}},"ast-content-background-meta":{"desktop":{"background-color":"var(--ast-global-color-5)","background-image":"","background-repeat":"repeat","background-position":"center center","background-size":"auto","background-attachment":"scroll","background-type":"","background-media":"","overlay-type":"","overlay-color":"","overlay-opacity":"","overlay-gradient":""},"tablet":{"background-color":"var(--ast-global-color-5)","background-image":"","background-repeat":"repeat","background-position":"center center","background-size":"auto","background-attachment":"scroll","background-type":"","background-media":"","overlay-type":"","overlay-color":"","overlay-opacity":"","overlay-gradient":""},"mobile":{"background-color":"var(--ast-global-color-5)","background-image":"","background-repeat":"repeat","background-position":"center center","background-size":"auto","background-attachment":"scroll","background-type":"","background-media":"","overlay-type":"","overlay-color":"","overlay-opacity":"","overlay-gradient":""}},"footnotes":""},"class_list":["post-342","page","type-page","status-publish","has-post-thumbnail","hentry"],"yoast_head":"<!-- This site is optimized with the Yoast SEO plugin v26.8 - https:\/\/yoast.com\/product\/yoast-seo-wordpress\/ -->\n<title>2-Zimmerwohnung - SPF Anker<\/title>\n<meta name=\"robots\" content=\"index, follow, max-snippet:-1, max-image-preview:large, max-video-preview:-1\" \/>\n<link rel=\"canonical\" href=\"https:\/\/spfanker.ch\/?page_id=342\" \/>\n<meta property=\"og:locale\" content=\"de_DE\" \/>\n<meta property=\"og:type\" content=\"article\" \/>\n<meta property=\"og:title\" content=\"2-Zimmerwohnung - SPF Anker\" \/>\n<meta property=\"og:description\" content=\"Die Sozialp\u00e4dagogische Familienbegleitung Anker vermietet eine m\u00f6blierte 2Zi-Wohnung an der Ankerstrasse 4 in 3006 Bern. Sie ist ausgestattet f\u00fcr eine [&hellip;]\" \/>\n<meta property=\"og:url\" content=\"https:\/\/spfanker.ch\/?page_id=342\" \/>\n<meta property=\"og:site_name\" content=\"SPF Anker\" \/>\n<meta property=\"article:modified_time\" content=\"2025-02-13T21:27:48+00:00\" \/>\n<meta property=\"og:image\" content=\"https:\/\/spfanker.ch\/wp-content\/uploads\/2024\/10\/IMG_4319.jpeg\" \/>\n\t<meta property=\"og:image:width\" content=\"2048\" \/>\n\t<meta property=\"og:image:height\" content=\"1536\" \/>\n\t<meta property=\"og:image:type\" content=\"image\/jpeg\" \/>\n<meta name=\"twitter:card\" content=\"summary_large_image\" \/>\n<script type=\"application\/ld+json\" class=\"yoast-schema-graph\">{\"@context\":\"https:\/\/schema.org\",\"@graph\":[{\"@type\":\"WebPage\",\"@id\":\"https:\/\/spfanker.ch\/?page_id=342\",\"url\":\"https:\/\/spfanker.ch\/?page_id=342\",\"name\":\"2-Zimmerwohnung - SPF Anker\",\"isPartOf\":{\"@id\":\"https:\/\/spfanker.ch\/#website\"},\"primaryImageOfPage\":{\"@id\":\"https:\/\/spfanker.ch\/?page_id=342#primaryimage\"},\"image\":{\"@id\":\"https:\/\/spfanker.ch\/?page_id=342#primaryimage\"},\"thumbnailUrl\":\"https:\/\/spfanker.ch\/wp-content\/uploads\/2024\/10\/IMG_4319.jpeg\",\"datePublished\":\"2025-02-13T20:22:19+00:00\",\"dateModified\":\"2025-02-13T21:27:48+00:00\",\"breadcrumb\":{\"@id\":\"https:\/\/spfanker.ch\/?page_id=342#breadcrumb\"},\"inLanguage\":\"de-CH\",\"potentialAction\":[{\"@type\":\"ReadAction\",\"target\":[\"https:\/\/spfanker.ch\/?page_id=342\"]}]},{\"@type\":\"ImageObject\",\"inLanguage\":\"de-CH\",\"@id\":\"https:\/\/spfanker.ch\/?page_id=342#primaryimage\",\"url\":\"https:\/\/spfanker.ch\/wp-content\/uploads\/2024\/10\/IMG_4319.jpeg\",\"contentUrl\":\"https:\/\/spfanker.ch\/wp-content\/uploads\/2024\/10\/IMG_4319.jpeg\",\"width\":2048,\"height\":1536},{\"@type\":\"BreadcrumbList\",\"@id\":\"https:\/\/spfanker.ch\/?page_id=342#breadcrumb\",\"itemListElement\":[{\"@type\":\"ListItem\",\"position\":1,\"name\":\"Startseite\",\"item\":\"https:\/\/spfanker.ch\/\"},{\"@type\":\"ListItem\",\"position\":2,\"name\":\"2-Zimmerwohnung\"}]},{\"@type\":\"WebSite\",\"@id\":\"https:\/\/spfanker.ch\/#website\",\"url\":\"https:\/\/spfanker.ch\/\",\"name\":\"Sozialp\u00e4dagogische Familienbegleitung Anker\",\"description\":\"Sozialp\u00e4dagogische Familienbegleitung Anker\",\"publisher\":{\"@id\":\"https:\/\/spfanker.ch\/#organization\"},\"potentialAction\":[{\"@type\":\"SearchAction\",\"target\":{\"@type\":\"EntryPoint\",\"urlTemplate\":\"https:\/\/spfanker.ch\/?s={search_term_string}\"},\"query-input\":{\"@type\":\"PropertyValueSpecification\",\"valueRequired\":true,\"valueName\":\"search_term_string\"}}],\"inLanguage\":\"de-CH\"},{\"@type\":\"Organization\",\"@id\":\"https:\/\/spfanker.ch\/#organization\",\"name\":\"Sozialp\u00e4dagogische Familienbegleitung Anker\",\"url\":\"https:\/\/spfanker.ch\/\",\"logo\":{\"@type\":\"ImageObject\",\"inLanguage\":\"de-CH\",\"@id\":\"https:\/\/spfanker.ch\/#\/schema\/logo\/image\/\",\"url\":\"https:\/\/spfanker.ch\/wp-content\/uploads\/2024\/10\/Anker-Logo.png\",\"contentUrl\":\"https:\/\/spfanker.ch\/wp-content\/uploads\/2024\/10\/Anker-Logo.png\",\"width\":150,\"height\":150,\"caption\":\"Sozialp\u00e4dagogische Familienbegleitung Anker\"},\"image\":{\"@id\":\"https:\/\/spfanker.ch\/#\/schema\/logo\/image\/\"}}]}<\/script>\n<!-- \/ Yoast SEO plugin. -->","yoast_head_json":{"title":"2-Zimmerwohnung - SPF Anker","robots":{"index":"index","follow":"follow","max-snippet":"max-snippet:-1","max-image-preview":"max-image-preview:large","max-video-preview":"max-video-preview:-1"},"canonical":"https:\/\/spfanker.ch\/?page_id=342","og_locale":"de_DE","og_type":"article","og_title":"2-Zimmerwohnung - SPF Anker","og_description":"Die Sozialp\u00e4dagogische Familienbegleitung Anker vermietet eine m\u00f6blierte 2Zi-Wohnung an der Ankerstrasse 4 in 3006 Bern. Sie ist ausgestattet f\u00fcr eine [&hellip;]","og_url":"https:\/\/spfanker.ch\/?page_id=342","og_site_name":"SPF Anker","article_modified_time":"2025-02-13T21:27:48+00:00","og_image":[{"width":2048,"height":1536,"url":"https:\/\/spfanker.ch\/wp-content\/uploads\/2024\/10\/IMG_4319.jpeg","type":"image\/jpeg"}],"twitter_card":"summary_large_image","schema":{"@context":"https:\/\/schema.org","@graph":[{"@type":"WebPage","@id":"https:\/\/spfanker.ch\/?page_id=342","url":"https:\/\/spfanker.ch\/?page_id=342","name":"2-Zimmerwohnung - SPF Anker","isPartOf":{"@id":"https:\/\/spfanker.ch\/#website"},"primaryImageOfPage":{"@id":"https:\/\/spfanker.ch\/?page_id=342#primaryimage"},"image":{"@id":"https:\/\/spfanker.ch\/?page_id=342#primaryimage"},"thumbnailUrl":"https:\/\/spfanker.ch\/wp-content\/uploads\/2024\/10\/IMG_4319.jpeg","datePublished":"2025-02-13T20:22:19+00:00","dateModified":"2025-02-13T21:27:48+00:00","breadcrumb":{"@id":"https:\/\/spfanker.ch\/?page_id=342#breadcrumb"},"inLanguage":"de-CH","potentialAction":[{"@type":"ReadAction","target":["https:\/\/spfanker.ch\/?page_id=342"]}]},{"@type":"ImageObject","inLanguage":"de-CH","@id":"https:\/\/spfanker.ch\/?page_id=342#primaryimage","url":"https:\/\/spfanker.ch\/wp-content\/uploads\/2024\/10\/IMG_4319.jpeg","contentUrl":"https:\/\/spfanker.ch\/wp-content\/uploads\/2024\/10\/IMG_4319.jpeg","width":2048,"height":1536},{"@type":"BreadcrumbList","@id":"https:\/\/spfanker.ch\/?page_id=342#breadcrumb","itemListElement":[{"@type":"ListItem","position":1,"name":"Startseite","item":"https:\/\/spfanker.ch\/"},{"@type":"ListItem","position":2,"name":"2-Zimmerwohnung"}]},{"@type":"WebSite","@id":"https:\/\/spfanker.ch\/#website","url":"https:\/\/spfanker.ch\/","name":"Sozialp\u00e4dagogische Familienbegleitung Anker","description":"Sozialp\u00e4dagogische Familienbegleitung Anker","publisher":{"@id":"https:\/\/spfanker.ch\/#organization"},"potentialAction":[{"@type":"SearchAction","target":{"@type":"EntryPoint","urlTemplate":"https:\/\/spfanker.ch\/?s={search_term_string}"},"query-input":{"@type":"PropertyValueSpecification","valueRequired":true,"valueName":"search_term_string"}}],"inLanguage":"de-CH"},{"@type":"Organization","@id":"https:\/\/spfanker.ch\/#organization","name":"Sozialp\u00e4dagogische Familienbegleitung Anker","url":"https:\/\/spfanker.ch\/","logo":{"@type":"ImageObject","inLanguage":"de-CH","@id":"https:\/\/spfanker.ch\/#\/schema\/logo\/image\/","url":"https:\/\/spfanker.ch\/wp-content\/uploads\/2024\/10\/Anker-Logo.png","contentUrl":"https:\/\/spfanker.ch\/wp-content\/uploads\/2024\/10\/Anker-Logo.png","width":150,"height":150,"caption":"Sozialp\u00e4dagogische Familienbegleitung Anker"},"image":{"@id":"https:\/\/spfanker.ch\/#\/schema\/logo\/image\/"}}]}},"_links":{"self":[{"href":"https:\/\/spfanker.ch\/index.php?rest_route=\/wp\/v2\/pages\/342","targetHints":{"allow":["GET"]}}],"collection":[{"href":"https:\/\/spfanker.ch\/index.php?rest_route=\/wp\/v2\/pages"}],"about":[{"href":"https:\/\/spfanker.ch\/index.php?rest_route=\/wp\/v2\/types\/page"}],"author":[{"embeddable":true,"href":"https:\/\/spfanker.ch\/index.php?rest_route=\/wp\/v2\/users\/1"}],"replies":[{"embeddable":true,"href":"https:\/\/spfanker.ch\/index.php?rest_route=%2Fwp%2Fv2%2Fcomments&post=342"}],"version-history":[{"count":2,"href":"https:\/\/spfanker.ch\/index.php?rest_route=\/wp\/v2\/pages\/342\/revisions"}],"predecessor-version":[{"id":344,"href":"https:\/\/spfanker.ch\/index.php?rest_route=\/wp\/v2\/pages\/342\/revisions\/344"}],"wp:featuredmedia":[{"embeddable":true,"href":"https:\/\/spfanker.ch\/index.php?rest_route=\/wp\/v2\/media\/277"}],"wp:attachment":[{"href":"https:\/\/spfanker.ch\/index.php?rest_route=%2Fwp%2Fv2%2Fmedia&parent=342"}],"curies":[{"name":"wp","href":"https:\/\/api.w.org\/{rel}","templated":true}]}}