{"id":96,"date":"2024-10-18T11:36:26","date_gmt":"2024-10-18T11:36:26","guid":{"rendered":"https:\/\/spfanker.ch\/?page_id=96"},"modified":"2024-10-19T13:57:58","modified_gmt":"2024-10-19T13:57:58","slug":"haltung","status":"publish","type":"page","link":"https:\/\/spfanker.ch\/?page_id=96","title":{"rendered":"Haltung"},"content":{"rendered":"\n<p>\u201e<em><strong>Nimm die Person zuerst in ihren Ressourcen wahr.\u201c <\/strong>Insoo Kim Berg<\/em><\/p>\n\n\n\n<p>Die Mitarbeitenden der Sozialp\u00e4dagogischen Familienbegleitung Anker orientieren sich in ihrem Handeln an einem Leitbild, welches eine wertsch\u00e4tzende, offene, ressourcen- und l\u00f6sungsorientierte Haltung beschreibt. Wir betrachten in unserer Grundhaltung jede Frau\/Mann und ihr Kind\/ihre Kinder als eigenst\u00e4ndigen Mensch mit einem freien Willen und wir achten ihre bzw. seine Individualit\u00e4t. Wir pflegen einen sorgf\u00e4ltigen Umgang mit dem Thema N\u00e4he und Distanz und betrachten uns als Wegbegleiterin \u201eim Hintergrund\u201c.<\/p>\n\n\n\n<p>Wir entwickeln und \u00fcberpr\u00fcfen unser fachliches Handeln durch den Einbezug von Supervision. Zudem orientieren wir uns in unserem Handeln an den ethischen Richtlinien des Berufskodex Soziale Arbeit Schweiz.<\/p>\n","protected":false},"excerpt":{"rendered":"<p>\u201eNimm die Person zuerst in ihren Ressourcen wahr.\u201c Insoo Kim Berg Die Mitarbeitenden der Sozialp\u00e4dagogischen Familienbegleitung Anker orientieren sich in [&hellip;]<\/p>\n","protected":false},"author":1,"featured_media":165,"parent":0,"menu_order":0,"comment_status":"closed","ping_status":"closed","template":"","meta":{"site-sidebar-layout":"default","site-content-layout":"","ast-site-content-layout":"default","site-content-style":"default","site-sidebar-style":"default","ast-global-header-display":"","ast-banner-title-visibility":"","ast-main-header-display":"","ast-hfb-above-header-display":"","ast-hfb-below-header-display":"","ast-hfb-mobile-header-display":"","site-post-title":"","ast-breadcrumbs-content":"","ast-featured-img":"","footer-sml-layout":"","ast-disable-related-posts":"","theme-transparent-header-meta":"","adv-header-id-meta":"","stick-header-meta":"","header-above-stick-meta":"","header-main-stick-meta":"","header-below-stick-meta":"","astra-migrate-meta-layouts":"default","ast-page-background-enabled":"default","ast-page-background-meta":{"desktop":{"background-color":"var(--ast-global-color-4)","background-image":"","background-repeat":"repeat","background-position":"center center","background-size":"auto","background-attachment":"scroll","background-type":"","background-media":"","overlay-type":"","overlay-color":"","overlay-opacity":"","overlay-gradient":""},"tablet":{"background-color":"","background-image":"","background-repeat":"repeat","background-position":"center center","background-size":"auto","background-attachment":"scroll","background-type":"","background-media":"","overlay-type":"","overlay-color":"","overlay-opacity":"","overlay-gradient":""},"mobile":{"background-color":"","background-image":"","background-repeat":"repeat","background-position":"center center","background-size":"auto","background-attachment":"scroll","background-type":"","background-media":"","overlay-type":"","overlay-color":"","overlay-opacity":"","overlay-gradient":""}},"ast-content-background-meta":{"desktop":{"background-color":"var(--ast-global-color-5)","background-image":"","background-repeat":"repeat","background-position":"center center","background-size":"auto","background-attachment":"scroll","background-type":"","background-media":"","overlay-type":"","overlay-color":"","overlay-opacity":"","overlay-gradient":""},"tablet":{"background-color":"var(--ast-global-color-5)","background-image":"","background-repeat":"repeat","background-position":"center center","background-size":"auto","background-attachment":"scroll","background-type":"","background-media":"","overlay-type":"","overlay-color":"","overlay-opacity":"","overlay-gradient":""},"mobile":{"background-color":"var(--ast-global-color-5)","background-image":"","background-repeat":"repeat","background-position":"center center","background-size":"auto","background-attachment":"scroll","background-type":"","background-media":"","overlay-type":"","overlay-color":"","overlay-opacity":"","overlay-gradient":""}},"footnotes":""},"class_list":["post-96","page","type-page","status-publish","has-post-thumbnail","hentry"],"yoast_head":"<!-- This site is optimized with the Yoast SEO plugin v26.8 - https:\/\/yoast.com\/product\/yoast-seo-wordpress\/ -->\n<title>Haltung - SPF Anker<\/title>\n<meta name=\"robots\" content=\"index, follow, max-snippet:-1, max-image-preview:large, max-video-preview:-1\" \/>\n<link rel=\"canonical\" href=\"https:\/\/spfanker.ch\/?page_id=96\" \/>\n<meta property=\"og:locale\" content=\"de_DE\" \/>\n<meta property=\"og:type\" content=\"article\" \/>\n<meta property=\"og:title\" content=\"Haltung - SPF Anker\" \/>\n<meta property=\"og:description\" content=\"\u201eNimm die Person zuerst in ihren Ressourcen wahr.\u201c Insoo Kim Berg Die Mitarbeitenden der Sozialp\u00e4dagogischen Familienbegleitung Anker orientieren sich in [&hellip;]\" \/>\n<meta property=\"og:url\" content=\"https:\/\/spfanker.ch\/?page_id=96\" \/>\n<meta property=\"og:site_name\" content=\"SPF Anker\" \/>\n<meta property=\"article:modified_time\" content=\"2024-10-19T13:57:58+00:00\" \/>\n<meta property=\"og:image\" content=\"https:\/\/spfanker.ch\/wp-content\/uploads\/2024\/10\/35F5C471-2B8E-43DF-BF80-561D8E05B830.jpeg\" \/>\n\t<meta property=\"og:image:width\" content=\"2320\" \/>\n\t<meta property=\"og:image:height\" content=\"1537\" \/>\n\t<meta property=\"og:image:type\" content=\"image\/jpeg\" \/>\n<meta name=\"twitter:card\" content=\"summary_large_image\" \/>\n<meta name=\"twitter:label1\" content=\"Gesch\u00e4tzte Lesezeit\" \/>\n\t<meta name=\"twitter:data1\" content=\"1\u00a0Minute\" \/>\n<script type=\"application\/ld+json\" class=\"yoast-schema-graph\">{\"@context\":\"https:\/\/schema.org\",\"@graph\":[{\"@type\":\"WebPage\",\"@id\":\"https:\/\/spfanker.ch\/?page_id=96\",\"url\":\"https:\/\/spfanker.ch\/?page_id=96\",\"name\":\"Haltung - SPF Anker\",\"isPartOf\":{\"@id\":\"https:\/\/spfanker.ch\/#website\"},\"primaryImageOfPage\":{\"@id\":\"https:\/\/spfanker.ch\/?page_id=96#primaryimage\"},\"image\":{\"@id\":\"https:\/\/spfanker.ch\/?page_id=96#primaryimage\"},\"thumbnailUrl\":\"https:\/\/spfanker.ch\/wp-content\/uploads\/2024\/10\/35F5C471-2B8E-43DF-BF80-561D8E05B830.jpeg\",\"datePublished\":\"2024-10-18T11:36:26+00:00\",\"dateModified\":\"2024-10-19T13:57:58+00:00\",\"breadcrumb\":{\"@id\":\"https:\/\/spfanker.ch\/?page_id=96#breadcrumb\"},\"inLanguage\":\"de-CH\",\"potentialAction\":[{\"@type\":\"ReadAction\",\"target\":[\"https:\/\/spfanker.ch\/?page_id=96\"]}]},{\"@type\":\"ImageObject\",\"inLanguage\":\"de-CH\",\"@id\":\"https:\/\/spfanker.ch\/?page_id=96#primaryimage\",\"url\":\"https:\/\/spfanker.ch\/wp-content\/uploads\/2024\/10\/35F5C471-2B8E-43DF-BF80-561D8E05B830.jpeg\",\"contentUrl\":\"https:\/\/spfanker.ch\/wp-content\/uploads\/2024\/10\/35F5C471-2B8E-43DF-BF80-561D8E05B830.jpeg\",\"width\":2320,\"height\":1537},{\"@type\":\"BreadcrumbList\",\"@id\":\"https:\/\/spfanker.ch\/?page_id=96#breadcrumb\",\"itemListElement\":[{\"@type\":\"ListItem\",\"position\":1,\"name\":\"Startseite\",\"item\":\"https:\/\/spfanker.ch\/\"},{\"@type\":\"ListItem\",\"position\":2,\"name\":\"Haltung\"}]},{\"@type\":\"WebSite\",\"@id\":\"https:\/\/spfanker.ch\/#website\",\"url\":\"https:\/\/spfanker.ch\/\",\"name\":\"Sozialp\u00e4dagogische Familienbegleitung Anker\",\"description\":\"Sozialp\u00e4dagogische Familienbegleitung Anker\",\"publisher\":{\"@id\":\"https:\/\/spfanker.ch\/#organization\"},\"potentialAction\":[{\"@type\":\"SearchAction\",\"target\":{\"@type\":\"EntryPoint\",\"urlTemplate\":\"https:\/\/spfanker.ch\/?s={search_term_string}\"},\"query-input\":{\"@type\":\"PropertyValueSpecification\",\"valueRequired\":true,\"valueName\":\"search_term_string\"}}],\"inLanguage\":\"de-CH\"},{\"@type\":\"Organization\",\"@id\":\"https:\/\/spfanker.ch\/#organization\",\"name\":\"Sozialp\u00e4dagogische Familienbegleitung Anker\",\"url\":\"https:\/\/spfanker.ch\/\",\"logo\":{\"@type\":\"ImageObject\",\"inLanguage\":\"de-CH\",\"@id\":\"https:\/\/spfanker.ch\/#\/schema\/logo\/image\/\",\"url\":\"https:\/\/spfanker.ch\/wp-content\/uploads\/2024\/10\/Anker-Logo.png\",\"contentUrl\":\"https:\/\/spfanker.ch\/wp-content\/uploads\/2024\/10\/Anker-Logo.png\",\"width\":150,\"height\":150,\"caption\":\"Sozialp\u00e4dagogische Familienbegleitung Anker\"},\"image\":{\"@id\":\"https:\/\/spfanker.ch\/#\/schema\/logo\/image\/\"}}]}<\/script>\n<!-- \/ Yoast SEO plugin. -->","yoast_head_json":{"title":"Haltung - SPF Anker","robots":{"index":"index","follow":"follow","max-snippet":"max-snippet:-1","max-image-preview":"max-image-preview:large","max-video-preview":"max-video-preview:-1"},"canonical":"https:\/\/spfanker.ch\/?page_id=96","og_locale":"de_DE","og_type":"article","og_title":"Haltung - SPF Anker","og_description":"\u201eNimm die Person zuerst in ihren Ressourcen wahr.\u201c Insoo Kim Berg Die Mitarbeitenden der Sozialp\u00e4dagogischen Familienbegleitung Anker orientieren sich in [&hellip;]","og_url":"https:\/\/spfanker.ch\/?page_id=96","og_site_name":"SPF Anker","article_modified_time":"2024-10-19T13:57:58+00:00","og_image":[{"width":2320,"height":1537,"url":"https:\/\/spfanker.ch\/wp-content\/uploads\/2024\/10\/35F5C471-2B8E-43DF-BF80-561D8E05B830.jpeg","type":"image\/jpeg"}],"twitter_card":"summary_large_image","twitter_misc":{"Gesch\u00e4tzte Lesezeit":"1\u00a0Minute"},"schema":{"@context":"https:\/\/schema.org","@graph":[{"@type":"WebPage","@id":"https:\/\/spfanker.ch\/?page_id=96","url":"https:\/\/spfanker.ch\/?page_id=96","name":"Haltung - SPF Anker","isPartOf":{"@id":"https:\/\/spfanker.ch\/#website"},"primaryImageOfPage":{"@id":"https:\/\/spfanker.ch\/?page_id=96#primaryimage"},"image":{"@id":"https:\/\/spfanker.ch\/?page_id=96#primaryimage"},"thumbnailUrl":"https:\/\/spfanker.ch\/wp-content\/uploads\/2024\/10\/35F5C471-2B8E-43DF-BF80-561D8E05B830.jpeg","datePublished":"2024-10-18T11:36:26+00:00","dateModified":"2024-10-19T13:57:58+00:00","breadcrumb":{"@id":"https:\/\/spfanker.ch\/?page_id=96#breadcrumb"},"inLanguage":"de-CH","potentialAction":[{"@type":"ReadAction","target":["https:\/\/spfanker.ch\/?page_id=96"]}]},{"@type":"ImageObject","inLanguage":"de-CH","@id":"https:\/\/spfanker.ch\/?page_id=96#primaryimage","url":"https:\/\/spfanker.ch\/wp-content\/uploads\/2024\/10\/35F5C471-2B8E-43DF-BF80-561D8E05B830.jpeg","contentUrl":"https:\/\/spfanker.ch\/wp-content\/uploads\/2024\/10\/35F5C471-2B8E-43DF-BF80-561D8E05B830.jpeg","width":2320,"height":1537},{"@type":"BreadcrumbList","@id":"https:\/\/spfanker.ch\/?page_id=96#breadcrumb","itemListElement":[{"@type":"ListItem","position":1,"name":"Startseite","item":"https:\/\/spfanker.ch\/"},{"@type":"ListItem","position":2,"name":"Haltung"}]},{"@type":"WebSite","@id":"https:\/\/spfanker.ch\/#website","url":"https:\/\/spfanker.ch\/","name":"Sozialp\u00e4dagogische Familienbegleitung Anker","description":"Sozialp\u00e4dagogische Familienbegleitung Anker","publisher":{"@id":"https:\/\/spfanker.ch\/#organization"},"potentialAction":[{"@type":"SearchAction","target":{"@type":"EntryPoint","urlTemplate":"https:\/\/spfanker.ch\/?s={search_term_string}"},"query-input":{"@type":"PropertyValueSpecification","valueRequired":true,"valueName":"search_term_string"}}],"inLanguage":"de-CH"},{"@type":"Organization","@id":"https:\/\/spfanker.ch\/#organization","name":"Sozialp\u00e4dagogische Familienbegleitung Anker","url":"https:\/\/spfanker.ch\/","logo":{"@type":"ImageObject","inLanguage":"de-CH","@id":"https:\/\/spfanker.ch\/#\/schema\/logo\/image\/","url":"https:\/\/spfanker.ch\/wp-content\/uploads\/2024\/10\/Anker-Logo.png","contentUrl":"https:\/\/spfanker.ch\/wp-content\/uploads\/2024\/10\/Anker-Logo.png","width":150,"height":150,"caption":"Sozialp\u00e4dagogische Familienbegleitung Anker"},"image":{"@id":"https:\/\/spfanker.ch\/#\/schema\/logo\/image\/"}}]}},"_links":{"self":[{"href":"https:\/\/spfanker.ch\/index.php?rest_route=\/wp\/v2\/pages\/96","targetHints":{"allow":["GET"]}}],"collection":[{"href":"https:\/\/spfanker.ch\/index.php?rest_route=\/wp\/v2\/pages"}],"about":[{"href":"https:\/\/spfanker.ch\/index.php?rest_route=\/wp\/v2\/types\/page"}],"author":[{"embeddable":true,"href":"https:\/\/spfanker.ch\/index.php?rest_route=\/wp\/v2\/users\/1"}],"replies":[{"embeddable":true,"href":"https:\/\/spfanker.ch\/index.php?rest_route=%2Fwp%2Fv2%2Fcomments&post=96"}],"version-history":[{"count":2,"href":"https:\/\/spfanker.ch\/index.php?rest_route=\/wp\/v2\/pages\/96\/revisions"}],"predecessor-version":[{"id":195,"href":"https:\/\/spfanker.ch\/index.php?rest_route=\/wp\/v2\/pages\/96\/revisions\/195"}],"wp:featuredmedia":[{"embeddable":true,"href":"https:\/\/spfanker.ch\/index.php?rest_route=\/wp\/v2\/media\/165"}],"wp:attachment":[{"href":"https:\/\/spfanker.ch\/index.php?rest_route=%2Fwp%2Fv2%2Fmedia&parent=96"}],"curies":[{"name":"wp","href":"https:\/\/api.w.org\/{rel}","templated":true}]}}